{"id":2,"date":"2016-05-10T03:48:21","date_gmt":"2016-05-10T03:48:21","guid":{"rendered":"http:\/\/freiredner.com\/?page_id=2"},"modified":"2019-03-11T18:26:05","modified_gmt":"2019-03-11T18:26:05","slug":"sample-page","status":"publish","type":"page","link":"https:\/\/freiredner.com\/","title":{"rendered":"Start"},"content":{"rendered":"<p>Freier Redner f\u00fcr Ihre Hochzeit<\/p>\n<p>Sie suchen f\u00fcr Ihre Hochzeit jemanden, der Ihre Trauung au\u00dferhalb vom Standesamt oder der Kirche mit Ihnen vollzieht?\u00a0 Oder Sie wollen Ihr Eheversprechen erneuern und sich dazu durch eine ansprechende Zeremonie f\u00fchren lassen?<\/p>\n<p>Als freier Redner bin ich insbesondere religi\u00f6s und weltanschaulich ungebunden und in der Lage, Ihre individuellen W\u00fcnsche bei der Trauung oder dem Eheversprechen zu ber\u00fccksichtigen. Ort, Zeit, Inhalt und Form der Zeremonie bestimmen Sie.<\/p>\n<p>Dabei geleite ich Sie durch den Ablauf und binde die anderen Elemente &#8211; z.B. Musik und Lieder, Ansprachen anderer oder auch Ihre pers\u00f6nlichen Beitr\u00e4ge dabei ein.<\/p>\n<p>Wie Sie es auch nennen &#8211; Hochzeit, Trauung, Eheversprechen, Heirat, Ehegel\u00f6bnis &#8211; und ob Sie es mit oder ohne Standesamt, es zum ersten oder wiederholten Male tun, ich unterst\u00fctze Sie dabei, um es f\u00fcr Sie zu einem sch\u00f6nen Erlebnis werden zu lassen.<br \/>\nEs gibt auch andere Anl\u00e4sse &#8211; freudig oder traurig &#8211; einen freien Redner zu bestellen.<br \/>\nFragen Sie doch einfach an!<br \/>\nIch bin haupts\u00e4chlich in der Region Unna \/ Dortmund t\u00e4tig.<\/p>\n<p>&nbsp;<\/p>\n","protected":false},"excerpt":{"rendered":"<p>Freier Redner f\u00fcr Ihre Hochzeit Sie suchen f\u00fcr Ihre Hochzeit jemanden, der Ihre Trauung au\u00dferhalb vom Standesamt oder der Kirche mit Ihnen vollzieht?\u00a0 Oder Sie wollen Ihr Eheversprechen erneuern und sich dazu durch eine ansprechende Zeremonie f\u00fchren lassen? Als freier Redner bin ich insbesondere religi\u00f6s und weltanschaulich ungebunden und in der Lage, Ihre individuellen W\u00fcnsche &hellip; <\/p>\n<p class=\"link-more\"><a href=\"https:\/\/freiredner.com\/\" class=\"more-link\"><span class=\"screen-reader-text\">&#8222;Start&#8220;<\/span> weiterlesen<\/a><\/p>\n","protected":false},"author":1,"featured_media":0,"parent":0,"menu_order":0,"comment_status":"closed","ping_status":"open","template":"","meta":{"footnotes":""},"class_list":["post-2","page","type-page","status-publish","hentry"],"aioseo_notices":[],"_links":{"self":[{"href":"https:\/\/freiredner.com\/index.php?rest_route=\/wp\/v2\/pages\/2","targetHints":{"allow":["GET"]}}],"collection":[{"href":"https:\/\/freiredner.com\/index.php?rest_route=\/wp\/v2\/pages"}],"about":[{"href":"https:\/\/freiredner.com\/index.php?rest_route=\/wp\/v2\/types\/page"}],"author":[{"embeddable":true,"href":"https:\/\/freiredner.com\/index.php?rest_route=\/wp\/v2\/users\/1"}],"replies":[{"embeddable":true,"href":"https:\/\/freiredner.com\/index.php?rest_route=%2Fwp%2Fv2%2Fcomments&post=2"}],"version-history":[{"count":4,"href":"https:\/\/freiredner.com\/index.php?rest_route=\/wp\/v2\/pages\/2\/revisions"}],"predecessor-version":[{"id":109,"href":"https:\/\/freiredner.com\/index.php?rest_route=\/wp\/v2\/pages\/2\/revisions\/109"}],"wp:attachment":[{"href":"https:\/\/freiredner.com\/index.php?rest_route=%2Fwp%2Fv2%2Fmedia&parent=2"}],"curies":[{"name":"wp","href":"https:\/\/api.w.org\/{rel}","templated":true}]}}