{"id":16,"date":"2018-02-09T10:25:17","date_gmt":"2018-02-09T10:25:17","guid":{"rendered":"http:\/\/freiredner.com\/?page_id=16"},"modified":"2019-03-11T18:34:50","modified_gmt":"2019-03-11T18:34:50","slug":"mein-beitrag","status":"publish","type":"page","link":"https:\/\/freiredner.com\/?page_id=16","title":{"rendered":"Mein Beitrag"},"content":{"rendered":"<p>Mein Beitrag zu Ihrer Hochzeit<br \/>\nDamit Sie sich ein Bild von mir machen k\u00f6nnen, sollten wir uns pers\u00f6nlich treffen. Erst danach sollten Sie sich entscheiden, ob ich der Richtige f\u00fcr Ihre Trauung bin.<\/p>\n<p>Das Gespr\u00e4ch kann bei mir in Heeren oder in der N\u00e4he stattfinden.<br \/>\nHaben Sie sich f\u00fcr mich entschieden, machen wir uns gemeinsam an die Planung der Trauungszeremonie. Dabei berate ich Sie zu Inhalt und Ablauf. Im Gespr\u00e4ch ergeben sich stets auch Fragen zu anderen Herausforderungen einer Hochzeitsfeier. Hier kann ich zwar helfende Hinweise geben, aber ich bin kein Hochzeitsorganisator.<\/p>\n<p>Der Entwurf der Rede wird dann nach Ihren W\u00fcnschen und Vorgaben von mir gefertigt. Ob Sie den Inhalt vor der Trauung kennen wollen, entscheiden Sie.<br \/>\nIm Planungsgespr\u00e4ch m\u00f6chte ich Sie dabei unterst\u00fctzen, Ihre Trauung ganz nach Ihren W\u00fcnschen zu gestalten &#8211; denn es ist Ihr Tag!<\/p>\n<p>In die Besonderheiten der Hochzeit, wie z.B. die Art der Kleidung, lockere Moderation oder klassische Form, historischer oder phantastischer Rahmen, Humor oder auch einen Bezug zu Gott, bin ich gerne bereit, mich einzuf\u00fcgen.<\/p>\n","protected":false},"excerpt":{"rendered":"<p>Mein Beitrag zu Ihrer Hochzeit Damit Sie sich ein Bild von mir machen k\u00f6nnen, sollten wir uns pers\u00f6nlich treffen. Erst danach sollten Sie sich entscheiden, ob ich der Richtige f\u00fcr Ihre Trauung bin. Das Gespr\u00e4ch kann bei mir in Heeren oder in der N\u00e4he stattfinden. Haben Sie sich f\u00fcr mich entschieden, machen wir uns gemeinsam &hellip; <\/p>\n<p class=\"link-more\"><a href=\"https:\/\/freiredner.com\/?page_id=16\" class=\"more-link\"><span class=\"screen-reader-text\">&#8222;Mein Beitrag&#8220;<\/span> weiterlesen<\/a><\/p>\n","protected":false},"author":1,"featured_media":7,"parent":0,"menu_order":0,"comment_status":"closed","ping_status":"closed","template":"","meta":{"footnotes":""},"class_list":["post-16","page","type-page","status-publish","has-post-thumbnail","hentry"],"aioseo_notices":[],"_links":{"self":[{"href":"https:\/\/freiredner.com\/index.php?rest_route=\/wp\/v2\/pages\/16","targetHints":{"allow":["GET"]}}],"collection":[{"href":"https:\/\/freiredner.com\/index.php?rest_route=\/wp\/v2\/pages"}],"about":[{"href":"https:\/\/freiredner.com\/index.php?rest_route=\/wp\/v2\/types\/page"}],"author":[{"embeddable":true,"href":"https:\/\/freiredner.com\/index.php?rest_route=\/wp\/v2\/users\/1"}],"replies":[{"embeddable":true,"href":"https:\/\/freiredner.com\/index.php?rest_route=%2Fwp%2Fv2%2Fcomments&post=16"}],"version-history":[{"count":2,"href":"https:\/\/freiredner.com\/index.php?rest_route=\/wp\/v2\/pages\/16\/revisions"}],"predecessor-version":[{"id":114,"href":"https:\/\/freiredner.com\/index.php?rest_route=\/wp\/v2\/pages\/16\/revisions\/114"}],"wp:featuredmedia":[{"embeddable":true,"href":"https:\/\/freiredner.com\/index.php?rest_route=\/wp\/v2\/media\/7"}],"wp:attachment":[{"href":"https:\/\/freiredner.com\/index.php?rest_route=%2Fwp%2Fv2%2Fmedia&parent=16"}],"curies":[{"name":"wp","href":"https:\/\/api.w.org\/{rel}","templated":true}]}}